{"id":155,"date":"2023-02-07T13:49:54","date_gmt":"2023-02-07T12:49:54","guid":{"rendered":"https:\/\/diecosys.com\/?page_id=155"},"modified":"2023-04-03T11:39:14","modified_gmt":"2023-04-03T09:39:14","slug":"impressum","status":"publish","type":"page","link":"https:\/\/diecosys.com\/?page_id=155","title":{"rendered":"Impressum"},"content":{"rendered":"\n<p><strong>Angaben gem\u00e4\u00df \u00a7 5 TMG<\/strong><\/p>\n\n\n\n<p>Dietmar Bec\u00fcwe<br>Karl-Reimes-Strasse 23<br>40668 Meerbusch<\/p>\n\n\n\n<p><strong>Kontakt<\/strong><\/p>\n\n\n\n<p>Telefon: +49 (0) 2150 608 9950<br>E-Mail: dietmar.becuewe (\u00e4dt) diecosys.com<\/p>\n\n\n\n<p><strong>Redaktionell verantwortlich<\/strong><\/p>\n\n\n\n<p>Dietmar Bec\u00fcwe<br>Karl-Reimes-Strasse 23<br>40668 Meerbusch<br><br><\/p>\n","protected":false},"excerpt":{"rendered":"<p>Angaben gem\u00e4\u00df \u00a7 5 TMG Dietmar Bec\u00fcweKarl-Reimes-Strasse 2340668 Meerbusch Kontakt Telefon: +49 (0) 2150 608 9950E-Mail: dietmar.becuewe (\u00e4dt) diecosys.com Redaktionell verantwortlich Dietmar Bec\u00fcweKarl-Reimes-Strasse 2340668 Meerbusch<\/p>\n","protected":false},"author":1,"featured_media":0,"parent":0,"menu_order":8,"comment_status":"closed","ping_status":"closed","template":"","meta":{"footnotes":""},"class_list":["post-155","page","type-page","status-publish","hentry"],"_links":{"self":[{"href":"https:\/\/diecosys.com\/index.php?rest_route=\/wp\/v2\/pages\/155","targetHints":{"allow":["GET"]}}],"collection":[{"href":"https:\/\/diecosys.com\/index.php?rest_route=\/wp\/v2\/pages"}],"about":[{"href":"https:\/\/diecosys.com\/index.php?rest_route=\/wp\/v2\/types\/page"}],"author":[{"embeddable":true,"href":"https:\/\/diecosys.com\/index.php?rest_route=\/wp\/v2\/users\/1"}],"replies":[{"embeddable":true,"href":"https:\/\/diecosys.com\/index.php?rest_route=%2Fwp%2Fv2%2Fcomments&post=155"}],"version-history":[{"count":4,"href":"https:\/\/diecosys.com\/index.php?rest_route=\/wp\/v2\/pages\/155\/revisions"}],"predecessor-version":[{"id":279,"href":"https:\/\/diecosys.com\/index.php?rest_route=\/wp\/v2\/pages\/155\/revisions\/279"}],"wp:attachment":[{"href":"https:\/\/diecosys.com\/index.php?rest_route=%2Fwp%2Fv2%2Fmedia&parent=155"}],"curies":[{"name":"wp","href":"https:\/\/api.w.org\/{rel}","templated":true}]}}