{"id":292,"date":"2023-04-11T20:52:44","date_gmt":"2023-04-11T18:52:44","guid":{"rendered":"https:\/\/diecosys.com\/?page_id=292"},"modified":"2026-02-19T17:47:45","modified_gmt":"2026-02-19T16:47:45","slug":"podcast-5","status":"publish","type":"page","link":"https:\/\/diecosys.com\/?page_id=292","title":{"rendered":"#5 CheckSolar"},"content":{"rendered":"\n<p class=\"has-vivid-cyan-blue-color has-text-color has-large-font-size\"><strong>Ein VC gr\u00fcndet mit \u201cCheckSolar\u201d ein eigenes Startup<\/strong><\/p>\n\n\n\n<p class=\"has-vivid-cyan-blue-color has-text-color has-large-font-size\"><strong>Jan Ossenbrink<\/strong><br>    Gr\u00fcnder und Gesch\u00e4ftsf\u00fchrer<br>    CheckSolar GmbH<\/p>\n\n\n\n<p>Die alarmierenden Prognosen der Klimaforscher und vor allem die Energiepreis-Krise haben die Nachfrage nach Solaranlagen sprunghaft ansteigen lassen.<\/p>\n\n\n\n<p>Der Markt f\u00fcr Solaranlagen entwickelt sich dynamisch mit einer kaum zu \u00fcberschauenden Anzahl an Anbietern. Als erste unabh\u00e4ngige Angebotsplattform f\u00fcr Solarsysteme will das Startup CheckSolar Kunden beim Einstieg in die Welt der Photovoltaik unterst\u00fctzen. Wir sprechen mit einem VC, der daf\u00fcr ein eigenes Startup gr\u00fcndet.<\/p>\n\n\n\n<p class=\"has-vivid-cyan-blue-color has-text-color has-small-font-size\">Erstellung des Podcast in 04\/2023<\/p>\n\n\n\n<script class=\"podigee-podcast-player\" src=\"https:\/\/player.podigee-cdn.net\/podcast-player\/javascripts\/podigee-podcast-player.js\" data-configuration=\"https:\/\/diecosys-podcast.podigee.io\/5-new-episode\/embed?context=external\"><\/script>\n","protected":false},"excerpt":{"rendered":"<p>Ein VC gr\u00fcndet mit \u201cCheckSolar\u201d ein eigenes Startup Jan Ossenbrink Gr\u00fcnder und Gesch\u00e4ftsf\u00fchrer CheckSolar GmbH Die alarmierenden Prognosen der Klimaforscher und vor allem die Energiepreis-Krise haben die Nachfrage nach Solaranlagen sprunghaft ansteigen lassen. Der Markt f\u00fcr Solaranlagen entwickelt sich dynamisch mit einer kaum zu \u00fcberschauenden Anzahl an Anbietern. Als erste unabh\u00e4ngige Angebotsplattform f\u00fcr Solarsysteme will [&hellip;]<\/p>\n","protected":false},"author":1,"featured_media":0,"parent":19,"menu_order":14,"comment_status":"closed","ping_status":"closed","template":"","meta":{"footnotes":""},"class_list":["post-292","page","type-page","status-publish","hentry"],"_links":{"self":[{"href":"https:\/\/diecosys.com\/index.php?rest_route=\/wp\/v2\/pages\/292","targetHints":{"allow":["GET"]}}],"collection":[{"href":"https:\/\/diecosys.com\/index.php?rest_route=\/wp\/v2\/pages"}],"about":[{"href":"https:\/\/diecosys.com\/index.php?rest_route=\/wp\/v2\/types\/page"}],"author":[{"embeddable":true,"href":"https:\/\/diecosys.com\/index.php?rest_route=\/wp\/v2\/users\/1"}],"replies":[{"embeddable":true,"href":"https:\/\/diecosys.com\/index.php?rest_route=%2Fwp%2Fv2%2Fcomments&post=292"}],"version-history":[{"count":10,"href":"https:\/\/diecosys.com\/index.php?rest_route=\/wp\/v2\/pages\/292\/revisions"}],"predecessor-version":[{"id":751,"href":"https:\/\/diecosys.com\/index.php?rest_route=\/wp\/v2\/pages\/292\/revisions\/751"}],"up":[{"embeddable":true,"href":"https:\/\/diecosys.com\/index.php?rest_route=\/wp\/v2\/pages\/19"}],"wp:attachment":[{"href":"https:\/\/diecosys.com\/index.php?rest_route=%2Fwp%2Fv2%2Fmedia&parent=292"}],"curies":[{"name":"wp","href":"https:\/\/api.w.org\/{rel}","templated":true}]}}