{"id":414,"date":"2024-01-03T18:17:12","date_gmt":"2024-01-03T17:17:12","guid":{"rendered":"https:\/\/diecosys.com\/?page_id=414"},"modified":"2026-02-19T17:47:16","modified_gmt":"2026-02-19T16:47:16","slug":"podcast-7","status":"publish","type":"page","link":"https:\/\/diecosys.com\/?page_id=414","title":{"rendered":"#7 Dermanostic"},"content":{"rendered":"\n<p class=\"has-vivid-cyan-blue-color has-text-color has-link-color has-large-font-size wp-elements-f40975ef0e50ed1815e80639b8aaaf03\"><strong>Europas f\u00fchrende Online Hautarztpraxis<\/strong><\/p>\n\n\n\n<p class=\"has-foreground-color has-text-color has-link-color has-large-font-size wp-elements-dd4eef695affb9ac6ea800ba8c094c1e\">Ole Martin<\/p>\n\n\n\n<p class=\"has-vivid-cyan-blue-color has-text-color has-link-color has-large-font-size wp-elements-4863fa58ee6eca899db7b9d028e22196\">CEO und Mitgr\u00fcnder<br>Dermanostic GmbH<\/p>\n\n\n\n<p>Die Firma Dermanostic erm\u00f6glicht jedem Menschen weltweit einen schnellen und einfachen (bezahlbaren) Zugang zu Hautarztexperten unter Verwendung der gleichnamigen App \u201eDermanostic\u201c. Patienten erhalten innerhalb von 24 Stunden eine Diagnose inkl. Therapieplan und Rezept von einem Hautfacharzt. Die Dermanostic GmbH ist heute mit 180.000 Patienten bereits Europas f\u00fchrende Online-Hautarztpraxis. F\u00fcr die Gr\u00fcndung von Dermanostic Mitte 2019 verlie\u00df Ole seinen Beruf als Arzt und gr\u00fcndete zusammen mit seiner Frau sowie einem befreundeten \u00c4rzte-Ehepaar das Startup Dermanostic. Die vier Gr\u00fcndungsmitglieder waren 2020 im Start-Up Programm vom Startplatz K\u00f6ln und wurden seitdem mit vielen Awards ausgezeichnet.<\/p>\n\n\n\n<script class=\"podigee-podcast-player\" src=https:\/\/player.podigee-cdn.net\/podcast-player\/javascripts\/podigee-podcast-player.js data-configuration=https:\/\/diecosys-podcast.podigee.io\/7-new-episode\/embed?context=external><\/script>\n","protected":false},"excerpt":{"rendered":"<p>Europas f\u00fchrende Online Hautarztpraxis Ole Martin CEO und Mitgr\u00fcnderDermanostic GmbH Die Firma Dermanostic erm\u00f6glicht jedem Menschen weltweit einen schnellen und einfachen (bezahlbaren) Zugang zu Hautarztexperten unter Verwendung der gleichnamigen App \u201eDermanostic\u201c. Patienten erhalten innerhalb von 24 Stunden eine Diagnose inkl. Therapieplan und Rezept von einem Hautfacharzt. Die Dermanostic GmbH ist heute mit 180.000 Patienten bereits [&hellip;]<\/p>\n","protected":false},"author":1,"featured_media":0,"parent":19,"menu_order":12,"comment_status":"closed","ping_status":"closed","template":"","meta":{"footnotes":""},"class_list":["post-414","page","type-page","status-publish","hentry"],"_links":{"self":[{"href":"https:\/\/diecosys.com\/index.php?rest_route=\/wp\/v2\/pages\/414","targetHints":{"allow":["GET"]}}],"collection":[{"href":"https:\/\/diecosys.com\/index.php?rest_route=\/wp\/v2\/pages"}],"about":[{"href":"https:\/\/diecosys.com\/index.php?rest_route=\/wp\/v2\/types\/page"}],"author":[{"embeddable":true,"href":"https:\/\/diecosys.com\/index.php?rest_route=\/wp\/v2\/users\/1"}],"replies":[{"embeddable":true,"href":"https:\/\/diecosys.com\/index.php?rest_route=%2Fwp%2Fv2%2Fcomments&post=414"}],"version-history":[{"count":10,"href":"https:\/\/diecosys.com\/index.php?rest_route=\/wp\/v2\/pages\/414\/revisions"}],"predecessor-version":[{"id":749,"href":"https:\/\/diecosys.com\/index.php?rest_route=\/wp\/v2\/pages\/414\/revisions\/749"}],"up":[{"embeddable":true,"href":"https:\/\/diecosys.com\/index.php?rest_route=\/wp\/v2\/pages\/19"}],"wp:attachment":[{"href":"https:\/\/diecosys.com\/index.php?rest_route=%2Fwp%2Fv2%2Fmedia&parent=414"}],"curies":[{"name":"wp","href":"https:\/\/api.w.org\/{rel}","templated":true}]}}