{"id":419,"date":"2024-01-03T22:27:40","date_gmt":"2024-01-03T21:27:40","guid":{"rendered":"https:\/\/diecosys.com\/?page_id=419"},"modified":"2026-02-19T17:47:01","modified_gmt":"2026-02-19T16:47:01","slug":"podcast-8","status":"publish","type":"page","link":"https:\/\/diecosys.com\/?page_id=419","title":{"rendered":"#8 digihub"},"content":{"rendered":"\n<p class=\"has-vivid-cyan-blue-color has-text-color has-link-color has-large-font-size wp-elements-60a4f5a53728b6de61188fbcca77b7bf\"><strong><strong>Wo Gr\u00fcndungen wachsen und die Welt ver\u00e4ndern<\/strong><\/strong><\/p>\n\n\n\n<p class=\"has-large-font-size\">Peter Hornik<\/p>\n\n\n\n<p class=\"has-vivid-cyan-blue-color has-text-color has-link-color has-large-font-size wp-elements-8d5b68b2090f3abadc5a90541f8c58cc\">Gesch\u00e4ftsf\u00fchrer<br>digihub &#8211; D\u00fcsseldorf &#8211; Rheinland<\/p>\n\n\n\n<p>Der digihub umfasst ein gro\u00dfes Netzwerk aus unterschiedlichen Akteuren wie St\u00e4dten und Gemeinden, IHKs, Mittelstand und Corporates, Co-Working-Spaces, Finanzinstituten, Hochschulen und Business Angels.<\/p>\n\n\n\n<p>Das Ziel ist es, Innovationen in der Wirtschaftsregion D\u00fcsseldorf\/Rheinland zu st\u00e4rken und die Digitalisierung voranzutreiben.<\/p>\n\n\n\n<p>In dieser Folge unseres Podcasts sprechen wir mit Peter Hornik, dem Gesch\u00e4ftsf\u00fchrer des digihub D\u00fcsseldorf. Erfahrt, wie der digihub die digitale Wirtschaft inspiriert und Startups in NRW voranbringt. Wir beleuchten die Rolle von Netzwerkakteuren, staatlichen Institutionen und Unternehmen im Startup-\u00d6kosystem. Au\u00dferdem erfahren wir mehr \u00fcber den Erfolg des Accelerator-Programms &#8222;Ignition&#8220;, das Scale-up.NRW-Programm und die Entwicklung von Events wie dem Digital Demo Day. Peter gibt uns auch einen Ausblick auf die Zukunft des digihub D\u00fcsseldorf<\/p>\n\n\n\n<script class=\"podigee-podcast-player\" src=https:\/\/player.podigee-cdn.net\/podcast-player\/javascripts\/podigee-podcast-player.js data-configuration=https:\/\/diecosys-podcast.podigee.io\/8-peter-hornik\/embed?context=external><\/script>\n","protected":false},"excerpt":{"rendered":"<p>Wo Gr\u00fcndungen wachsen und die Welt ver\u00e4ndern Peter Hornik Gesch\u00e4ftsf\u00fchrerdigihub &#8211; D\u00fcsseldorf &#8211; Rheinland Der digihub umfasst ein gro\u00dfes Netzwerk aus unterschiedlichen Akteuren wie St\u00e4dten und Gemeinden, IHKs, Mittelstand und Corporates, Co-Working-Spaces, Finanzinstituten, Hochschulen und Business Angels. Das Ziel ist es, Innovationen in der Wirtschaftsregion D\u00fcsseldorf\/Rheinland zu st\u00e4rken und die Digitalisierung voranzutreiben. In dieser Folge [&hellip;]<\/p>\n","protected":false},"author":1,"featured_media":0,"parent":19,"menu_order":11,"comment_status":"closed","ping_status":"closed","template":"","meta":{"footnotes":""},"class_list":["post-419","page","type-page","status-publish","hentry"],"_links":{"self":[{"href":"https:\/\/diecosys.com\/index.php?rest_route=\/wp\/v2\/pages\/419","targetHints":{"allow":["GET"]}}],"collection":[{"href":"https:\/\/diecosys.com\/index.php?rest_route=\/wp\/v2\/pages"}],"about":[{"href":"https:\/\/diecosys.com\/index.php?rest_route=\/wp\/v2\/types\/page"}],"author":[{"embeddable":true,"href":"https:\/\/diecosys.com\/index.php?rest_route=\/wp\/v2\/users\/1"}],"replies":[{"embeddable":true,"href":"https:\/\/diecosys.com\/index.php?rest_route=%2Fwp%2Fv2%2Fcomments&post=419"}],"version-history":[{"count":10,"href":"https:\/\/diecosys.com\/index.php?rest_route=\/wp\/v2\/pages\/419\/revisions"}],"predecessor-version":[{"id":748,"href":"https:\/\/diecosys.com\/index.php?rest_route=\/wp\/v2\/pages\/419\/revisions\/748"}],"up":[{"embeddable":true,"href":"https:\/\/diecosys.com\/index.php?rest_route=\/wp\/v2\/pages\/19"}],"wp:attachment":[{"href":"https:\/\/diecosys.com\/index.php?rest_route=%2Fwp%2Fv2%2Fmedia&parent=419"}],"curies":[{"name":"wp","href":"https:\/\/api.w.org\/{rel}","templated":true}]}}