{"id":477,"date":"2024-03-26T22:49:51","date_gmt":"2024-03-26T21:49:51","guid":{"rendered":"https:\/\/diecosys.com\/?page_id=477"},"modified":"2026-02-19T17:46:48","modified_gmt":"2026-02-19T16:46:48","slug":"podcast-9","status":"publish","type":"page","link":"https:\/\/diecosys.com\/?page_id=477","title":{"rendered":"#9 xdeck.venture"},"content":{"rendered":"\n<p class=\"has-vivid-cyan-blue-color has-text-color has-link-color has-large-font-size wp-elements-5c8d120b8a2a8b44e12161ca591b906d\"><strong>Venture Capital &#8211; mit Fingerspitzengef\u00fchl und Risikofreude Werte schaffen<\/strong><\/p>\n\n\n\n<p class=\"has-large-font-size\"><strong>Dennis Zeiler<\/strong><\/p>\n\n\n\n<p class=\"has-vivid-cyan-blue-color has-text-color has-link-color has-large-font-size wp-elements-7c3529d58925ba61f6ea76b2da2a8c19\">Investment Manager<\/p>\n\n\n\n<p class=\"has-vivid-cyan-blue-color has-text-color has-link-color has-large-font-size wp-elements-0d68a5b31d44e83fc6cd4ad1d55a000b\">xdeck GmbH, K\u00f6ln<\/p>\n\n\n\n<figure class=\"wp-block-image size-full is-resized\"><img loading=\"lazy\" decoding=\"async\" width=\"799\" height=\"196\" src=\"https:\/\/diecosys.com\/wp-content\/uploads\/2024\/03\/xD_Logo_RGB_schwarz.jpg\" alt=\"\" class=\"wp-image-480\" style=\"width:82px;height:auto\" srcset=\"https:\/\/diecosys.com\/wp-content\/uploads\/2024\/03\/xD_Logo_RGB_schwarz.jpg 799w, https:\/\/diecosys.com\/wp-content\/uploads\/2024\/03\/xD_Logo_RGB_schwarz-300x74.jpg 300w, https:\/\/diecosys.com\/wp-content\/uploads\/2024\/03\/xD_Logo_RGB_schwarz-768x188.jpg 768w\" sizes=\"auto, (max-width: 799px) 100vw, 799px\" \/><\/figure>\n\n\n\n<p><strong>xdeck<\/strong> ist die erste Fr\u00fchphasen-Venture-Plattform in Deutschland, von Gr\u00fcnder:innen f\u00fcr Gr\u00fcnder:innen. xdeck unterst\u00fctzt fr\u00fchphasige B2B-Tech-Startups und konzentriert sich dabei auf softwarebasierte Prozessautomatisierung, k\u00fcnstliche Intelligenz und Nachhaltigkeitstechnologie. Ein Partner-Netzwerk aus erstklassigen Unternehmen, erfahrenen Gr\u00fcnder:innen, Mentor:innen und Expert:innen verschiedenster Fachgebiete steht den Startups in einem ma\u00dfgeschneiderten Programm zur Verf\u00fcgung.<br>Seit 2021 wird die die Plattform durch den Venture Capital Fonds xdeck ventures erg\u00e4nzt.<\/p>\n\n\n\n<script class=\"podigee-podcast-player\" src=https:\/\/player.podigee-cdn.net\/podcast-player\/javascripts\/podigee-podcast-player.js data-configuration=https:\/\/diecosys-podcast.podigee.io\/9-dennis-zeiler\/embed?context=external><\/script>\n","protected":false},"excerpt":{"rendered":"<p>Venture Capital &#8211; mit Fingerspitzengef\u00fchl und Risikofreude Werte schaffen Dennis Zeiler Investment Manager xdeck GmbH, K\u00f6ln xdeck ist die erste Fr\u00fchphasen-Venture-Plattform in Deutschland, von Gr\u00fcnder:innen f\u00fcr Gr\u00fcnder:innen. xdeck unterst\u00fctzt fr\u00fchphasige B2B-Tech-Startups und konzentriert sich dabei auf softwarebasierte Prozessautomatisierung, k\u00fcnstliche Intelligenz und Nachhaltigkeitstechnologie. Ein Partner-Netzwerk aus erstklassigen Unternehmen, erfahrenen Gr\u00fcnder:innen, Mentor:innen und Expert:innen verschiedenster Fachgebiete steht [&hellip;]<\/p>\n","protected":false},"author":1,"featured_media":0,"parent":19,"menu_order":10,"comment_status":"closed","ping_status":"closed","template":"","meta":{"footnotes":""},"class_list":["post-477","page","type-page","status-publish","hentry"],"_links":{"self":[{"href":"https:\/\/diecosys.com\/index.php?rest_route=\/wp\/v2\/pages\/477","targetHints":{"allow":["GET"]}}],"collection":[{"href":"https:\/\/diecosys.com\/index.php?rest_route=\/wp\/v2\/pages"}],"about":[{"href":"https:\/\/diecosys.com\/index.php?rest_route=\/wp\/v2\/types\/page"}],"author":[{"embeddable":true,"href":"https:\/\/diecosys.com\/index.php?rest_route=\/wp\/v2\/users\/1"}],"replies":[{"embeddable":true,"href":"https:\/\/diecosys.com\/index.php?rest_route=%2Fwp%2Fv2%2Fcomments&post=477"}],"version-history":[{"count":10,"href":"https:\/\/diecosys.com\/index.php?rest_route=\/wp\/v2\/pages\/477\/revisions"}],"predecessor-version":[{"id":747,"href":"https:\/\/diecosys.com\/index.php?rest_route=\/wp\/v2\/pages\/477\/revisions\/747"}],"up":[{"embeddable":true,"href":"https:\/\/diecosys.com\/index.php?rest_route=\/wp\/v2\/pages\/19"}],"wp:attachment":[{"href":"https:\/\/diecosys.com\/index.php?rest_route=%2Fwp%2Fv2%2Fmedia&parent=477"}],"curies":[{"name":"wp","href":"https:\/\/api.w.org\/{rel}","templated":true}]}}