{"id":509,"date":"2024-07-13T13:17:28","date_gmt":"2024-07-13T11:17:28","guid":{"rendered":"https:\/\/diecosys.com\/?page_id=509"},"modified":"2026-02-19T17:46:29","modified_gmt":"2026-02-19T16:46:29","slug":"podcast-10","status":"publish","type":"page","link":"https:\/\/diecosys.com\/?page_id=509","title":{"rendered":"#10 HSD &#8211; Hochschule D\u00fcsseldorf"},"content":{"rendered":"\n<p class=\"has-vivid-cyan-blue-color has-text-color has-link-color has-large-font-size wp-elements-2b6f96620075ea7aa6d4901383ac898a\"><strong>Wirtschaftsnah und gr\u00fcndungsorientiert <\/strong><br>&#8211; <strong>die HSD D\u00fcsseldorf und Startups<\/strong> &#8211;<\/p>\n\n\n\n<p class=\"has-large-font-size\">Manfred Wojciechowski<\/p>\n\n\n\n<p class=\"has-vivid-cyan-blue-color has-text-color has-link-color has-large-font-size wp-elements-b020e77895b3fe2308682402e537856f\">Professor und Vizepr\u00e4sident Forschung und Transfer<\/p>\n\n\n\n<p class=\"has-vivid-cyan-blue-color has-text-color has-link-color has-large-font-size wp-elements-72a2054d7d2284a532ca6f7ed043b2e7\">HSD &#8211; Hochschule D\u00fcsseldorf<br>University of Applied Sciences<\/p>\n\n\n\n<p>Die Hochschule D\u00fcsseldorf ist eine praxisorientierte, internationale Hochschule mit einem breiten Spektrum an Fachbereichen, Einrichtungen und Instituten mitten in der lebendigen Landeshauptstadt Nordrhein-Westfalens.<\/p>\n\n\n\n<p>Mit rund 11.000 Studierenden, ca. 200 Professor*innen sowie ca. 600 wissenschaftliche und nicht wissenschaftlichen Mitarbeiter*innen ist die Hochschule D\u00fcsseldorf eine der gr\u00f6\u00dften Hochschulen Nordrhein-Westfalens.<\/p>\n\n\n\n<p>Zur HSD z\u00e4hlen die Fachbereiche Architektur, Design, Elektro- &amp; Informationstechnik, Maschinenbau &amp; Verfahrenstechnik, Medien, Sozial- &amp; Kulturwissenschaften sowie Wirtschaftswissenschaften.<strong><\/strong><\/p>\n\n\n\n<script class=\"podigee-podcast-player\" src=https:\/\/player.podigee-cdn.net\/podcast-player\/javascripts\/podigee-podcast-player.js data-configuration=https:\/\/diecosys-podcast.podigee.io\/10-manfred-wojciechowski\/embed?context=external><\/script>\n\n\n<p><!-- \/wp:post-content --><\/p>","protected":false},"excerpt":{"rendered":"<p>Wirtschaftsnah und gr\u00fcndungsorientiert &#8211; die HSD D\u00fcsseldorf und Startups &#8211; Manfred Wojciechowski Professor und Vizepr\u00e4sident Forschung und Transfer HSD &#8211; Hochschule D\u00fcsseldorfUniversity of Applied Sciences Die Hochschule D\u00fcsseldorf ist eine praxisorientierte, internationale Hochschule mit einem breiten Spektrum an Fachbereichen, Einrichtungen und Instituten mitten in der lebendigen Landeshauptstadt Nordrhein-Westfalens. Mit rund 11.000 Studierenden, ca. 200 Professor*innen [&hellip;]<\/p>\n","protected":false},"author":1,"featured_media":0,"parent":19,"menu_order":9,"comment_status":"closed","ping_status":"closed","template":"","meta":{"footnotes":""},"class_list":["post-509","page","type-page","status-publish","hentry"],"_links":{"self":[{"href":"https:\/\/diecosys.com\/index.php?rest_route=\/wp\/v2\/pages\/509","targetHints":{"allow":["GET"]}}],"collection":[{"href":"https:\/\/diecosys.com\/index.php?rest_route=\/wp\/v2\/pages"}],"about":[{"href":"https:\/\/diecosys.com\/index.php?rest_route=\/wp\/v2\/types\/page"}],"author":[{"embeddable":true,"href":"https:\/\/diecosys.com\/index.php?rest_route=\/wp\/v2\/users\/1"}],"replies":[{"embeddable":true,"href":"https:\/\/diecosys.com\/index.php?rest_route=%2Fwp%2Fv2%2Fcomments&post=509"}],"version-history":[{"count":10,"href":"https:\/\/diecosys.com\/index.php?rest_route=\/wp\/v2\/pages\/509\/revisions"}],"predecessor-version":[{"id":746,"href":"https:\/\/diecosys.com\/index.php?rest_route=\/wp\/v2\/pages\/509\/revisions\/746"}],"up":[{"embeddable":true,"href":"https:\/\/diecosys.com\/index.php?rest_route=\/wp\/v2\/pages\/19"}],"wp:attachment":[{"href":"https:\/\/diecosys.com\/index.php?rest_route=%2Fwp%2Fv2%2Fmedia&parent=509"}],"curies":[{"name":"wp","href":"https:\/\/api.w.org\/{rel}","templated":true}]}}