{"id":609,"date":"2025-03-30T18:28:42","date_gmt":"2025-03-30T16:28:42","guid":{"rendered":"https:\/\/diecosys.com\/?page_id=609"},"modified":"2026-02-19T17:45:49","modified_gmt":"2026-02-19T16:45:49","slug":"podcast-12","status":"publish","type":"page","link":"https:\/\/diecosys.com\/?page_id=609","title":{"rendered":"#12 beyond-you.net"},"content":{"rendered":"\n<p class=\"has-vivid-cyan-blue-color has-text-color has-link-color has-large-font-size wp-elements-0a0fba779055c8fe7e23646bea802e1d\"><strong>Online-Therapie &#8211; Plattform f\u00fcr mentale Gesundheit<\/strong><\/p>\n\n\n\n<p class=\"has-large-font-size\">Leo K\u00f6sters<\/p>\n\n\n\n<p class=\"has-vivid-cyan-blue-color has-text-color has-link-color has-large-font-size wp-elements-c4c8c4cf83cdba5019db1b0138d3ddb0\">Gr\u00fcnder von beyond-you.net<\/p>\n\n\n\n<p><\/p>\n\n\n\na.\t<script class=\"podigee-podcast-player\" src=\"https:\/\/player.podigee-cdn.net\/podcast-player\/javascripts\/podigee-podcast-player.js\" data-configuration=\"https:\/\/diecosys-podcast.podigee.io\/12-beyond-younet-eine-onlinetherapie-plattform-fur-die-mentale-gesundheit\/embed?context=external\"><\/script>\n\n\n\n<p><\/p>\n","protected":false},"excerpt":{"rendered":"<p>Online-Therapie &#8211; Plattform f\u00fcr mentale Gesundheit Leo K\u00f6sters Gr\u00fcnder von beyond-you.net a.<\/p>\n","protected":false},"author":1,"featured_media":0,"parent":19,"menu_order":7,"comment_status":"closed","ping_status":"closed","template":"","meta":{"footnotes":""},"class_list":["post-609","page","type-page","status-publish","hentry"],"_links":{"self":[{"href":"https:\/\/diecosys.com\/index.php?rest_route=\/wp\/v2\/pages\/609","targetHints":{"allow":["GET"]}}],"collection":[{"href":"https:\/\/diecosys.com\/index.php?rest_route=\/wp\/v2\/pages"}],"about":[{"href":"https:\/\/diecosys.com\/index.php?rest_route=\/wp\/v2\/types\/page"}],"author":[{"embeddable":true,"href":"https:\/\/diecosys.com\/index.php?rest_route=\/wp\/v2\/users\/1"}],"replies":[{"embeddable":true,"href":"https:\/\/diecosys.com\/index.php?rest_route=%2Fwp%2Fv2%2Fcomments&post=609"}],"version-history":[{"count":10,"href":"https:\/\/diecosys.com\/index.php?rest_route=\/wp\/v2\/pages\/609\/revisions"}],"predecessor-version":[{"id":744,"href":"https:\/\/diecosys.com\/index.php?rest_route=\/wp\/v2\/pages\/609\/revisions\/744"}],"up":[{"embeddable":true,"href":"https:\/\/diecosys.com\/index.php?rest_route=\/wp\/v2\/pages\/19"}],"wp:attachment":[{"href":"https:\/\/diecosys.com\/index.php?rest_route=%2Fwp%2Fv2%2Fmedia&parent=609"}],"curies":[{"name":"wp","href":"https:\/\/api.w.org\/{rel}","templated":true}]}}