{"id":66,"date":"2022-05-26T12:37:57","date_gmt":"2022-05-26T10:37:57","guid":{"rendered":"http:\/\/diecosys.com\/?page_id=66"},"modified":"2026-02-19T17:48:58","modified_gmt":"2026-02-19T16:48:58","slug":"podcast-1-2","status":"publish","type":"page","link":"https:\/\/diecosys.com\/?page_id=66","title":{"rendered":"#1 STARTPLATZ"},"content":{"rendered":"\n<p class=\"has-vivid-cyan-blue-color has-text-color has-large-font-size\"><strong>Pionier der Startup Szene aus dem Rheinland<\/strong><\/p>\n\n\n\n<p class=\"has-vivid-cyan-blue-color has-text-color\"><strong>Dr. Lorenz Gr\u00e4f<\/strong><br>Gr\u00fcnder und Gesch\u00e4ftsf\u00fchrer STARTPLATZ<br>STARTPLATZ K\u00f6ln \/ D\u00fcsseldorf<\/p>\n\n\n\n<figure class=\"wp-block-image size-full\"><img loading=\"lazy\" decoding=\"async\" width=\"122\" height=\"60\" src=\"https:\/\/diecosys.com\/wp-content\/uploads\/2023\/04\/grafik-3.png\" alt=\"\" class=\"wp-image-259\"\/><\/figure>\n\n\n\n<p class=\"has-small-font-size\">Der STARTPLATZ in K\u00f6ln und D\u00fcsseldorf hat sich als Startpunkt f\u00fcr Startups im Rheinland fest etabliert. Er ist heute Aktions- und Treffpunkt von Startups und der Startup-Szene. Etablierte Unternehmen treffen hier auf oft bahnbrechende Ideen. Beide Seiten profitieren voneinander.<\/p>\n\n\n\n<p class=\"has-vivid-cyan-blue-color has-text-color has-small-font-size\">Erstellung des Podcast in 05\/2022<\/p>\n\n\n\n<script class=\"podigee-podcast-player\" src=\"https:\/\/player.podigee-cdn.net\/podcast-player\/javascripts\/podigee-podcast-player.js\" data-configuration=\" https:\/\/diecosys-podcast.podigee.io\/1-lorenz-graef-startplatz\/embed?context=external\"><\/script>\n","protected":false},"excerpt":{"rendered":"<p>Pionier der Startup Szene aus dem Rheinland Dr. Lorenz Gr\u00e4fGr\u00fcnder und Gesch\u00e4ftsf\u00fchrer STARTPLATZSTARTPLATZ K\u00f6ln \/ D\u00fcsseldorf Der STARTPLATZ in K\u00f6ln und D\u00fcsseldorf hat sich als Startpunkt f\u00fcr Startups im Rheinland fest etabliert. Er ist heute Aktions- und Treffpunkt von Startups und der Startup-Szene. Etablierte Unternehmen treffen hier auf oft bahnbrechende Ideen. Beide Seiten profitieren voneinander. [&hellip;]<\/p>\n","protected":false},"author":2,"featured_media":0,"parent":19,"menu_order":18,"comment_status":"closed","ping_status":"closed","template":"","meta":{"footnotes":""},"class_list":["post-66","page","type-page","status-publish","hentry"],"_links":{"self":[{"href":"https:\/\/diecosys.com\/index.php?rest_route=\/wp\/v2\/pages\/66","targetHints":{"allow":["GET"]}}],"collection":[{"href":"https:\/\/diecosys.com\/index.php?rest_route=\/wp\/v2\/pages"}],"about":[{"href":"https:\/\/diecosys.com\/index.php?rest_route=\/wp\/v2\/types\/page"}],"author":[{"embeddable":true,"href":"https:\/\/diecosys.com\/index.php?rest_route=\/wp\/v2\/users\/2"}],"replies":[{"embeddable":true,"href":"https:\/\/diecosys.com\/index.php?rest_route=%2Fwp%2Fv2%2Fcomments&post=66"}],"version-history":[{"count":10,"href":"https:\/\/diecosys.com\/index.php?rest_route=\/wp\/v2\/pages\/66\/revisions"}],"predecessor-version":[{"id":755,"href":"https:\/\/diecosys.com\/index.php?rest_route=\/wp\/v2\/pages\/66\/revisions\/755"}],"up":[{"embeddable":true,"href":"https:\/\/diecosys.com\/index.php?rest_route=\/wp\/v2\/pages\/19"}],"wp:attachment":[{"href":"https:\/\/diecosys.com\/index.php?rest_route=%2Fwp%2Fv2%2Fmedia&parent=66"}],"curies":[{"name":"wp","href":"https:\/\/api.w.org\/{rel}","templated":true}]}}