{"id":683,"date":"2026-01-27T21:25:55","date_gmt":"2026-01-27T20:25:55","guid":{"rendered":"https:\/\/diecosys.com\/?page_id=683"},"modified":"2026-02-19T17:44:17","modified_gmt":"2026-02-19T16:44:17","slug":"podcast-16","status":"publish","type":"page","link":"https:\/\/diecosys.com\/?page_id=683","title":{"rendered":"#16 STARTPLATZ AI Hub"},"content":{"rendered":"\n<p class=\"has-vivid-cyan-blue-color has-text-color has-link-color has-large-font-size wp-elements-61ebe6782171ec8fba34a1c26a552a0f\"><strong>Eine KI-Innovationsreise mit dem<\/strong><br> <strong>STARTPLATZ AI Hub<\/strong><\/p>\n\n\n\n<p class=\"has-large-font-size\">Jakow Smirin<\/p>\n\n\n\n<p class=\"has-vivid-cyan-blue-color has-text-color has-link-color has-large-font-size wp-elements-e32010e28f64f713accb651b079be62e\">Gesch\u00e4ftsf\u00fchrer STARTPLATZ AI Hub<\/p>\n\n\n\n<p class=\"has-vivid-cyan-blue-color has-text-color has-link-color has-large-font-size wp-elements-d99f8b0c4d081b368f53b740aca34dae\">STARTPLATZ D\u00fcsseldorf<\/p>\n\n\n\n<p class=\"has-foreground-color has-text-color has-link-color has-small-font-size wp-elements-f31d745ce4322ced5bcbfd5e7c113103\"><br>STARTPLATZ ist Startup Inkubator und Accelerator mit Standorten in K\u00f6ln sowie D\u00fcsseldorf und Treffpunkt der rheinischen Gr\u00fcnderszene. Ein \u00d6kosystem, das aufstrebenden Startups und innovativen Unternehmen Raum zum Wachsen, Beratung und Coaching, Workshops &amp; Events sowie Anschluss an das gro\u00dfe Netzwerk bietet.<br>Der AI Hub ist ein Epizentrum der Kreativit\u00e4t und Technolog<\/p>\n\n\n\n<script class=\"podigee-podcast-player\" src=\"https:\/\/player.podigee-cdn.net\/podcast-player\/javascripts\/podigee-podcast-player.js\" data-configuration=\"https:\/\/diecosys-podcast.podigee.io\/16-new-episode\/embed?context=external\"><\/script>\n\n\n\n<p><\/p>\n","protected":false},"excerpt":{"rendered":"<p>Eine KI-Innovationsreise mit dem STARTPLATZ AI Hub Jakow Smirin Gesch\u00e4ftsf\u00fchrer STARTPLATZ AI Hub STARTPLATZ D\u00fcsseldorf STARTPLATZ ist Startup Inkubator und Accelerator mit Standorten in K\u00f6ln sowie D\u00fcsseldorf und Treffpunkt der rheinischen Gr\u00fcnderszene. Ein \u00d6kosystem, das aufstrebenden Startups und innovativen Unternehmen Raum zum Wachsen, Beratung und Coaching, Workshops &amp; Events sowie Anschluss an das gro\u00dfe Netzwerk [&hellip;]<\/p>\n","protected":false},"author":1,"featured_media":0,"parent":19,"menu_order":2,"comment_status":"closed","ping_status":"closed","template":"","meta":{"footnotes":""},"class_list":["post-683","page","type-page","status-publish","hentry"],"_links":{"self":[{"href":"https:\/\/diecosys.com\/index.php?rest_route=\/wp\/v2\/pages\/683","targetHints":{"allow":["GET"]}}],"collection":[{"href":"https:\/\/diecosys.com\/index.php?rest_route=\/wp\/v2\/pages"}],"about":[{"href":"https:\/\/diecosys.com\/index.php?rest_route=\/wp\/v2\/types\/page"}],"author":[{"embeddable":true,"href":"https:\/\/diecosys.com\/index.php?rest_route=\/wp\/v2\/users\/1"}],"replies":[{"embeddable":true,"href":"https:\/\/diecosys.com\/index.php?rest_route=%2Fwp%2Fv2%2Fcomments&post=683"}],"version-history":[{"count":10,"href":"https:\/\/diecosys.com\/index.php?rest_route=\/wp\/v2\/pages\/683\/revisions"}],"predecessor-version":[{"id":740,"href":"https:\/\/diecosys.com\/index.php?rest_route=\/wp\/v2\/pages\/683\/revisions\/740"}],"up":[{"embeddable":true,"href":"https:\/\/diecosys.com\/index.php?rest_route=\/wp\/v2\/pages\/19"}],"wp:attachment":[{"href":"https:\/\/diecosys.com\/index.php?rest_route=%2Fwp%2Fv2%2Fmedia&parent=683"}],"curies":[{"name":"wp","href":"https:\/\/api.w.org\/{rel}","templated":true}]}}